{"id":21,"date":"2023-05-25T07:24:14","date_gmt":"2023-05-25T07:24:14","guid":{"rendered":"https:\/\/technowebstore.com\/gardento-wordpress\/?page_id=21"},"modified":"2025-06-17T08:20:20","modified_gmt":"2025-06-17T08:20:20","slug":"sobrenosotros","status":"publish","type":"page","link":"https:\/\/torcuatolopez.com\/en\/sobrenosotros\/","title":{"rendered":"Sobre Nosotros"},"content":{"rendered":"<div data-elementor-type=\"wp-page\" data-elementor-id=\"21\" class=\"elementor elementor-21\">\n\t\t\t\t\t\t<section class=\"has_eae_slider elementor-section elementor-top-section elementor-element elementor-element-06f7e03 elementor-section-boxed elementor-section-height-default elementor-section-height-default\" data-eae-slider=\"71925\" data-id=\"06f7e03\" data-element_type=\"section\" data-e-type=\"section\" data-settings=\"{&quot;background_background&quot;:&quot;classic&quot;}\">\n\t\t\t\t\t\t\t<div class=\"elementor-background-overlay\"><\/div>\n\t\t\t\t\t\t\t<div class=\"elementor-container elementor-column-gap-default\">\n\t\t\t\t\t<div class=\"has_eae_slider elementor-column elementor-col-100 elementor-top-column elementor-element elementor-element-2ec26c3\" data-eae-slider=\"70678\" data-id=\"2ec26c3\" data-element_type=\"column\" data-e-type=\"column\">\n\t\t\t<div class=\"elementor-widget-wrap elementor-element-populated\">\n\t\t\t\t\t\t<section class=\"has_eae_slider elementor-section elementor-inner-section elementor-element elementor-element-3a3d598 elementor-section-boxed elementor-section-height-default elementor-section-height-default\" data-eae-slider=\"84644\" data-id=\"3a3d598\" data-element_type=\"section\" data-e-type=\"section\">\n\t\t\t\t\t\t<div class=\"elementor-container elementor-column-gap-default\">\n\t\t\t\t\t<div class=\"has_eae_slider elementor-column elementor-col-100 elementor-inner-column elementor-element elementor-element-917d030\" data-eae-slider=\"78944\" data-id=\"917d030\" data-element_type=\"column\" data-e-type=\"column\">\n\t\t\t<div class=\"elementor-widget-wrap elementor-element-populated\">\n\t\t\t\t\t\t<div class=\"elementor-element elementor-element-9347baf elementor-widget elementor-widget-page-title\" data-id=\"9347baf\" data-element_type=\"widget\" data-e-type=\"widget\" data-settings=\"{&quot;align&quot;:&quot;left&quot;}\" data-widget_type=\"page-title.default\">\n\t\t\t\t<div class=\"elementor-widget-container\">\n\t\t\t\t\t\t\t\n\t\t<div class=\"hfe-page-title hfe-page-title-wrapper elementor-widget-heading\">\n\n\t\t\t\t\t\t\t\t\t\t\t<a href=\"https:\/\/torcuatolopez.com\/en\">\n\t\t\t\t\t\t<h2 class=\"elementor-heading-title elementor-size-default\">\n\t\t\t\t\t\t\t\t\n\t\t\t\tSobre Nosotros  \n\t\t\t<\/h2> \n\t\t\t\t\t\t\t\t\t<\/a>\n\t\t\t\t\t<\/div>\n\t\t\t\t\t\t<\/div>\n\t\t\t\t<\/div>\n\t\t\t\t\t<\/div>\n\t\t<\/div>\n\t\t\t\t\t<\/div>\n\t\t<\/section>\n\t\t\t\t\t<\/div>\n\t\t<\/div>\n\t\t\t\t\t<\/div>\n\t\t<\/section>\n\t\t\t\t<section class=\"has_eae_slider elementor-section elementor-top-section elementor-element elementor-element-fa5b903 elementor-section-boxed elementor-section-height-default elementor-section-height-default\" data-eae-slider=\"94183\" data-id=\"fa5b903\" data-element_type=\"section\" data-e-type=\"section\">\n\t\t\t\t\t\t<div class=\"elementor-container elementor-column-gap-default\">\n\t\t\t\t\t<div class=\"has_eae_slider elementor-column elementor-col-50 elementor-top-column elementor-element elementor-element-aebf969\" data-eae-slider=\"99755\" data-id=\"aebf969\" data-element_type=\"column\" data-e-type=\"column\">\n\t\t\t<div class=\"elementor-widget-wrap elementor-element-populated\">\n\t\t\t\t\t\t<section class=\"has_eae_slider elementor-section elementor-inner-section elementor-element elementor-element-c52c0a1 elementor-section-boxed elementor-section-height-default elementor-section-height-default\" data-eae-slider=\"34681\" data-id=\"c52c0a1\" data-element_type=\"section\" data-e-type=\"section\">\n\t\t\t\t\t\t<div class=\"elementor-container elementor-column-gap-default\">\n\t\t\t\t\t<div class=\"has_eae_slider elementor-column elementor-col-100 elementor-inner-column elementor-element elementor-element-3d2b992\" data-eae-slider=\"26247\" data-id=\"3d2b992\" data-element_type=\"column\" data-e-type=\"column\">\n\t\t\t<div class=\"elementor-widget-wrap elementor-element-populated\">\n\t\t\t\t\t\t<div class=\"elementor-element elementor-element-9dd62d3 elementor-widget elementor-widget-image\" data-id=\"9dd62d3\" data-element_type=\"widget\" data-e-type=\"widget\" data-widget_type=\"image.default\">\n\t\t\t\t<div class=\"elementor-widget-container\">\n\t\t\t\t\t\t\t\t\t\t\t\t\t\t\t<img fetchpriority=\"high\" decoding=\"async\" width=\"574\" height=\"578\" src=\"https:\/\/torcuatolopez.com\/wp-content\/uploads\/2024\/04\/ab.png\" class=\"attachment-large size-large wp-image-759\" alt=\"\" srcset=\"https:\/\/torcuatolopez.com\/wp-content\/uploads\/2024\/04\/ab.png 574w, https:\/\/torcuatolopez.com\/wp-content\/uploads\/2024\/04\/ab-298x300.png 298w, https:\/\/torcuatolopez.com\/wp-content\/uploads\/2024\/04\/ab-150x150.png 150w\" sizes=\"(max-width: 574px) 100vw, 574px\" \/>\t\t\t\t\t\t\t\t\t\t\t\t\t\t\t<\/div>\n\t\t\t\t<\/div>\n\t\t\t\t\t<\/div>\n\t\t<\/div>\n\t\t\t\t\t<\/div>\n\t\t<\/section>\n\t\t\t\t\t<\/div>\n\t\t<\/div>\n\t\t\t\t<div class=\"has_eae_slider elementor-column elementor-col-50 elementor-top-column elementor-element elementor-element-72f496d\" data-eae-slider=\"77085\" data-id=\"72f496d\" data-element_type=\"column\" data-e-type=\"column\">\n\t\t\t<div class=\"elementor-widget-wrap elementor-element-populated\">\n\t\t\t\t\t\t<section class=\"has_eae_slider elementor-section elementor-inner-section elementor-element elementor-element-5914b7f elementor-section-boxed elementor-section-height-default elementor-section-height-default\" data-eae-slider=\"29239\" data-id=\"5914b7f\" data-element_type=\"section\" data-e-type=\"section\">\n\t\t\t\t\t\t<div class=\"elementor-container elementor-column-gap-default\">\n\t\t\t\t\t<div class=\"has_eae_slider elementor-column elementor-col-100 elementor-inner-column elementor-element elementor-element-617116f\" data-eae-slider=\"56486\" data-id=\"617116f\" data-element_type=\"column\" data-e-type=\"column\">\n\t\t\t<div class=\"elementor-widget-wrap elementor-element-populated\">\n\t\t\t\t\t\t<div class=\"elementor-element elementor-element-0f5f98d elementor-widget elementor-widget-heading\" data-id=\"0f5f98d\" data-element_type=\"widget\" data-e-type=\"widget\" data-widget_type=\"heading.default\">\n\t\t\t\t<div class=\"elementor-widget-container\">\n\t\t\t\t\t<h1 class=\"elementor-heading-title elementor-size-default\">Torcuato L\u00f3pez<\/h1>\t\t\t\t<\/div>\n\t\t\t\t<\/div>\n\t\t\t\t<div class=\"elementor-element elementor-element-a5544f9 elementor-widget elementor-widget-heading\" data-id=\"a5544f9\" data-element_type=\"widget\" data-e-type=\"widget\" data-widget_type=\"heading.default\">\n\t\t\t\t<div class=\"elementor-widget-container\">\n\t\t\t\t\t<h2 class=\"elementor-heading-title elementor-size-default\">Una empresa familiar de confianza<\/h2>\t\t\t\t<\/div>\n\t\t\t\t<\/div>\n\t\t\t\t<div class=\"elementor-element elementor-element-a421d87 elementor-widget elementor-widget-heading\" data-id=\"a421d87\" data-element_type=\"widget\" data-e-type=\"widget\" data-widget_type=\"heading.default\">\n\t\t\t\t<div class=\"elementor-widget-container\">\n\t\t\t\t\t<h3 class=\"elementor-heading-title elementor-size-default\">M\u00e1s de cinco d\u00e9cadas ofreciendo soluciones en metalister\u00eda<\/h3>\t\t\t\t<\/div>\n\t\t\t\t<\/div>\n\t\t\t\t<div class=\"elementor-element elementor-element-9769b67 elementor-widget elementor-widget-text-editor\" data-id=\"9769b67\" data-element_type=\"widget\" data-e-type=\"widget\" data-widget_type=\"text-editor.default\">\n\t\t\t\t<div class=\"elementor-widget-container\">\n\t\t\t\t\t\t\t\t\t<p data-pm-slice=\"1 1 []\">Desde nuestros inicios, hemos evolucionado adapt\u00e1ndonos a las nuevas tecnolog\u00edas sin perder la esencia artesanal que nos caracteriza. Nuestro equipo est\u00e1 formado por profesionales altamente cualificados, que combinan la experiencia con la innovaci\u00f3n para dar respuesta a las necesidades m\u00e1s exigentes de nuestros clientes.<\/p>\t\t\t\t\t\t\t\t<\/div>\n\t\t\t\t<\/div>\n\t\t\t\t\t<\/div>\n\t\t<\/div>\n\t\t\t\t\t<\/div>\n\t\t<\/section>\n\t\t\t\t<section class=\"has_eae_slider elementor-section elementor-inner-section elementor-element elementor-element-c087ed3 elementor-section-boxed elementor-section-height-default elementor-section-height-default\" data-eae-slider=\"92457\" data-id=\"c087ed3\" data-element_type=\"section\" data-e-type=\"section\">\n\t\t\t\t\t\t<div class=\"elementor-container elementor-column-gap-default\">\n\t\t\t\t\t<div class=\"has_eae_slider elementor-column elementor-col-100 elementor-inner-column elementor-element elementor-element-c2ecec7\" data-eae-slider=\"17312\" data-id=\"c2ecec7\" data-element_type=\"column\" data-e-type=\"column\">\n\t\t\t<div class=\"elementor-widget-wrap elementor-element-populated\">\n\t\t\t\t\t\t<div class=\"elementor-element elementor-element-e32b59b elementor-position-inline-start elementor-view-default elementor-mobile-position-block-start elementor-widget elementor-widget-icon-box\" data-id=\"e32b59b\" data-element_type=\"widget\" data-e-type=\"widget\" data-widget_type=\"icon-box.default\">\n\t\t\t\t<div class=\"elementor-widget-container\">\n\t\t\t\t\t\t\t<div class=\"elementor-icon-box-wrapper\">\n\n\t\t\t\t\t\t<div class=\"elementor-icon-box-icon\">\n\t\t\t\t<span  class=\"elementor-icon\">\n\t\t\t\t<i aria-hidden=\"true\" class=\"icon icon-phone-call1\"><\/i>\t\t\t\t<\/span>\n\t\t\t<\/div>\n\t\t\t\n\t\t\t\t\t\t<div class=\"elementor-icon-box-content\">\n\n\t\t\t\t\t\t\t\t\t<h4 class=\"elementor-icon-box-title\">\n\t\t\t\t\t\t<span  >\n\t\t\t\t\t\t\tLl\u00e1manos:\t\t\t\t\t\t<\/span>\n\t\t\t\t\t<\/h4>\n\t\t\t\t\n\t\t\t\t\t\t\t\t\t<p class=\"elementor-icon-box-description\">\n\t\t\t\t\t\t958 26 61 02\t\t\t\t\t<\/p>\n\t\t\t\t\n\t\t\t<\/div>\n\t\t\t\n\t\t<\/div>\n\t\t\t\t\t\t<\/div>\n\t\t\t\t<\/div>\n\t\t\t\t\t<\/div>\n\t\t<\/div>\n\t\t\t\t\t<\/div>\n\t\t<\/section>\n\t\t\t\t\t<\/div>\n\t\t<\/div>\n\t\t\t\t\t<\/div>\n\t\t<\/section>\n\t\t\t\t<section class=\"has_eae_slider elementor-section elementor-top-section elementor-element elementor-element-8f74d6b elementor-section-boxed elementor-section-height-default elementor-section-height-default\" data-eae-slider=\"99837\" data-id=\"8f74d6b\" data-element_type=\"section\" data-e-type=\"section\" data-settings=\"{&quot;background_background&quot;:&quot;classic&quot;}\">\n\t\t\t\t\t\t<div class=\"elementor-container elementor-column-gap-default\">\n\t\t\t\t\t<div class=\"has_eae_slider elementor-column elementor-col-100 elementor-top-column elementor-element elementor-element-332afd4\" data-eae-slider=\"38434\" data-id=\"332afd4\" data-element_type=\"column\" data-e-type=\"column\">\n\t\t\t<div class=\"elementor-widget-wrap elementor-element-populated\">\n\t\t\t\t\t\t<section class=\"has_eae_slider elementor-section elementor-inner-section elementor-element elementor-element-abbb802 elementor-section-boxed elementor-section-height-default elementor-section-height-default\" data-eae-slider=\"44145\" data-id=\"abbb802\" data-element_type=\"section\" data-e-type=\"section\">\n\t\t\t\t\t\t<div class=\"elementor-container elementor-column-gap-default\">\n\t\t\t\t\t<div class=\"has_eae_slider elementor-column elementor-col-50 elementor-inner-column elementor-element elementor-element-94d0d81\" data-eae-slider=\"68142\" data-id=\"94d0d81\" data-element_type=\"column\" data-e-type=\"column\">\n\t\t\t<div class=\"elementor-widget-wrap elementor-element-populated\">\n\t\t\t\t\t\t<div class=\"elementor-element elementor-element-e445a9b elementor-widget elementor-widget-heading\" data-id=\"e445a9b\" data-element_type=\"widget\" data-e-type=\"widget\" data-widget_type=\"heading.default\">\n\t\t\t\t<div class=\"elementor-widget-container\">\n\t\t\t\t\t<h3 class=\"elementor-heading-title elementor-size-default\">Nos apasiona nuestro trabajo<\/h3>\t\t\t\t<\/div>\n\t\t\t\t<\/div>\n\t\t\t\t<div class=\"elementor-element elementor-element-286d8cb elementor-widget elementor-widget-heading\" data-id=\"286d8cb\" data-element_type=\"widget\" data-e-type=\"widget\" data-widget_type=\"heading.default\">\n\t\t\t\t<div class=\"elementor-widget-container\">\n\t\t\t\t\t<h4 class=\"elementor-heading-title elementor-size-default\">Creemos en la personalizaci\u00f3n y en la fabricaci\u00f3n a medida<\/h4>\t\t\t\t<\/div>\n\t\t\t\t<\/div>\n\t\t\t\t\t<\/div>\n\t\t<\/div>\n\t\t\t\t<div class=\"has_eae_slider elementor-column elementor-col-50 elementor-inner-column elementor-element elementor-element-07a71f9\" data-eae-slider=\"3679\" data-id=\"07a71f9\" data-element_type=\"column\" data-e-type=\"column\">\n\t\t\t<div class=\"elementor-widget-wrap elementor-element-populated\">\n\t\t\t\t\t\t<div class=\"elementor-element elementor-element-50bc7ef elementor-widget elementor-widget-text-editor\" data-id=\"50bc7ef\" data-element_type=\"widget\" data-e-type=\"widget\" data-widget_type=\"text-editor.default\">\n\t\t\t\t<div class=\"elementor-widget-container\">\n\t\t\t\t\t\t\t\t\t<p data-pm-slice=\"1 1 []\">Nuestro objetivo es superar las expectativas de nuestros clientes, brindando no solo piezas de gran resistencia y funcionalidad, sino tambi\u00e9n dise\u00f1os est\u00e9ticamente cuidados. Apostamos por materiales de alta calidad y t\u00e9cnicas avanzadas de fabricaci\u00f3n para garantizar acabados duraderos y seguros. En <strong>Torcuato L\u00f3pez<\/strong>, la satisfacci\u00f3n del cliente es nuestra mayor prioridad.<\/p>\t\t\t\t\t\t\t\t<\/div>\n\t\t\t\t<\/div>\n\t\t\t\t\t<\/div>\n\t\t<\/div>\n\t\t\t\t\t<\/div>\n\t\t<\/section>\n\t\t\t\t\t<\/div>\n\t\t<\/div>\n\t\t\t\t\t<\/div>\n\t\t<\/section>\n\t\t\t\t<\/div>","protected":false},"excerpt":{"rendered":"<p>Sobre Nosotros Torcuato L\u00f3pez Una empresa familiar de confianza M\u00e1s de cinco d\u00e9cadas ofreciendo soluciones en metalister\u00eda Desde nuestros inicios, hemos evolucionado adapt\u00e1ndonos a las nuevas tecnolog\u00edas sin perder la esencia artesanal que nos caracteriza. Nuestro equipo est\u00e1 formado por profesionales altamente cualificados, que combinan la experiencia con la innovaci\u00f3n para dar respuesta a las [&hellip;]<\/p>\n","protected":false},"author":1,"featured_media":0,"parent":0,"menu_order":0,"comment_status":"closed","ping_status":"closed","template":"elementor_header_footer","meta":{"_acf_changed":false,"footnotes":""},"class_list":["post-21","page","type-page","status-publish","hentry"],"acf":[],"yoast_head":"<!-- This site is optimized with the Yoast SEO plugin v27.1.1 - https:\/\/yoast.com\/product\/yoast-seo-wordpress\/ -->\n<title>Sobre Nosotros - Torcuato Lopez<\/title>\n<meta name=\"description\" content=\"Conoce qui\u00e9n somos y lo que podemos hacer por ti, somos una empresa de Metales de Granada con m\u00e1s de 50 a\u00f1os de experiencia.\" \/>\n<meta name=\"robots\" content=\"index, follow, max-snippet:-1, max-image-preview:large, max-video-preview:-1\" \/>\n<link rel=\"canonical\" href=\"https:\/\/torcuatolopez.com\/en\/sobrenosotros\/\" \/>\n<meta property=\"og:locale\" content=\"en_GB\" \/>\n<meta property=\"og:type\" content=\"article\" \/>\n<meta property=\"og:title\" content=\"Sobre Nosotros - Torcuato Lopez\" \/>\n<meta property=\"og:description\" content=\"Conoce qui\u00e9n somos y lo que podemos hacer por ti, somos una empresa de Metales de Granada con m\u00e1s de 50 a\u00f1os de experiencia.\" \/>\n<meta property=\"og:url\" content=\"https:\/\/torcuatolopez.com\/en\/sobrenosotros\/\" \/>\n<meta property=\"og:site_name\" content=\"Torcuato Lopez\" \/>\n<meta property=\"article:modified_time\" content=\"2025-06-17T08:20:20+00:00\" \/>\n<meta property=\"og:image\" content=\"https:\/\/torcuatolopez.com\/wp-content\/uploads\/2024\/04\/ab.png\" \/>\n\t<meta property=\"og:image:width\" content=\"574\" \/>\n\t<meta property=\"og:image:height\" content=\"578\" \/>\n\t<meta property=\"og:image:type\" content=\"image\/png\" \/>\n<meta name=\"twitter:card\" content=\"summary_large_image\" \/>\n<meta name=\"twitter:label1\" content=\"Estimated reading time\" \/>\n\t<meta name=\"twitter:data1\" content=\"1 minute\" \/>\n<script type=\"application\/ld+json\" class=\"yoast-schema-graph\">{\"@context\":\"https:\/\/schema.org\",\"@graph\":[{\"@type\":\"WebPage\",\"@id\":\"https:\/\/torcuatolopez.com\/sobrenosotros\/\",\"url\":\"https:\/\/torcuatolopez.com\/sobrenosotros\/\",\"name\":\"Sobre Nosotros - Torcuato Lopez\",\"isPartOf\":{\"@id\":\"https:\/\/torcuatolopez.com\/#website\"},\"primaryImageOfPage\":{\"@id\":\"https:\/\/torcuatolopez.com\/sobrenosotros\/#primaryimage\"},\"image\":{\"@id\":\"https:\/\/torcuatolopez.com\/sobrenosotros\/#primaryimage\"},\"thumbnailUrl\":\"https:\/\/torcuatolopez.com\/wp-content\/uploads\/2024\/04\/ab.png\",\"datePublished\":\"2023-05-25T07:24:14+00:00\",\"dateModified\":\"2025-06-17T08:20:20+00:00\",\"description\":\"Conoce qui\u00e9n somos y lo que podemos hacer por ti, somos una empresa de Metales de Granada con m\u00e1s de 50 a\u00f1os de experiencia.\",\"breadcrumb\":{\"@id\":\"https:\/\/torcuatolopez.com\/sobrenosotros\/#breadcrumb\"},\"inLanguage\":\"en-GB\",\"potentialAction\":[{\"@type\":\"ReadAction\",\"target\":[\"https:\/\/torcuatolopez.com\/sobrenosotros\/\"]}]},{\"@type\":\"ImageObject\",\"inLanguage\":\"en-GB\",\"@id\":\"https:\/\/torcuatolopez.com\/sobrenosotros\/#primaryimage\",\"url\":\"https:\/\/torcuatolopez.com\/wp-content\/uploads\/2024\/04\/ab.png\",\"contentUrl\":\"https:\/\/torcuatolopez.com\/wp-content\/uploads\/2024\/04\/ab.png\"},{\"@type\":\"BreadcrumbList\",\"@id\":\"https:\/\/torcuatolopez.com\/sobrenosotros\/#breadcrumb\",\"itemListElement\":[{\"@type\":\"ListItem\",\"position\":1,\"name\":\"Portada\",\"item\":\"https:\/\/torcuatolopez.com\/\"},{\"@type\":\"ListItem\",\"position\":2,\"name\":\"Sobre Nosotros\"}]},{\"@type\":\"WebSite\",\"@id\":\"https:\/\/torcuatolopez.com\/#website\",\"url\":\"https:\/\/torcuatolopez.com\/\",\"name\":\"Torcuato Lopez\",\"description\":\"\",\"publisher\":{\"@id\":\"https:\/\/torcuatolopez.com\/#organization\"},\"potentialAction\":[{\"@type\":\"SearchAction\",\"target\":{\"@type\":\"EntryPoint\",\"urlTemplate\":\"https:\/\/torcuatolopez.com\/?s={search_term_string}\"},\"query-input\":{\"@type\":\"PropertyValueSpecification\",\"valueRequired\":true,\"valueName\":\"search_term_string\"}}],\"inLanguage\":\"en-GB\"},{\"@type\":\"Organization\",\"@id\":\"https:\/\/torcuatolopez.com\/#organization\",\"name\":\"Torcuato Lopez\",\"url\":\"https:\/\/torcuatolopez.com\/\",\"logo\":{\"@type\":\"ImageObject\",\"inLanguage\":\"en-GB\",\"@id\":\"https:\/\/torcuatolopez.com\/#\/schema\/logo\/image\/\",\"url\":\"https:\/\/torcuatolopez.com\/wp-content\/uploads\/2023\/05\/logo02.jpg\",\"contentUrl\":\"https:\/\/torcuatolopez.com\/wp-content\/uploads\/2023\/05\/logo02.jpg\",\"width\":250,\"height\":118,\"caption\":\"Torcuato Lopez\"},\"image\":{\"@id\":\"https:\/\/torcuatolopez.com\/#\/schema\/logo\/image\/\"}}]}<\/script>\n<!-- \/ Yoast SEO plugin. -->","yoast_head_json":{"title":"Sobre Nosotros - Torcuato Lopez","description":"Conoce qui\u00e9n somos y lo que podemos hacer por ti, somos una empresa de Metales de Granada con m\u00e1s de 50 a\u00f1os de experiencia.","robots":{"index":"index","follow":"follow","max-snippet":"max-snippet:-1","max-image-preview":"max-image-preview:large","max-video-preview":"max-video-preview:-1"},"canonical":"https:\/\/torcuatolopez.com\/en\/sobrenosotros\/","og_locale":"en_GB","og_type":"article","og_title":"Sobre Nosotros - Torcuato Lopez","og_description":"Conoce qui\u00e9n somos y lo que podemos hacer por ti, somos una empresa de Metales de Granada con m\u00e1s de 50 a\u00f1os de experiencia.","og_url":"https:\/\/torcuatolopez.com\/en\/sobrenosotros\/","og_site_name":"Torcuato Lopez","article_modified_time":"2025-06-17T08:20:20+00:00","og_image":[{"width":574,"height":578,"url":"https:\/\/torcuatolopez.com\/wp-content\/uploads\/2024\/04\/ab.png","type":"image\/png"}],"twitter_card":"summary_large_image","twitter_misc":{"Estimated reading time":"1 minute"},"schema":{"@context":"https:\/\/schema.org","@graph":[{"@type":"WebPage","@id":"https:\/\/torcuatolopez.com\/sobrenosotros\/","url":"https:\/\/torcuatolopez.com\/sobrenosotros\/","name":"Sobre Nosotros - Torcuato Lopez","isPartOf":{"@id":"https:\/\/torcuatolopez.com\/#website"},"primaryImageOfPage":{"@id":"https:\/\/torcuatolopez.com\/sobrenosotros\/#primaryimage"},"image":{"@id":"https:\/\/torcuatolopez.com\/sobrenosotros\/#primaryimage"},"thumbnailUrl":"https:\/\/torcuatolopez.com\/wp-content\/uploads\/2024\/04\/ab.png","datePublished":"2023-05-25T07:24:14+00:00","dateModified":"2025-06-17T08:20:20+00:00","description":"Conoce qui\u00e9n somos y lo que podemos hacer por ti, somos una empresa de Metales de Granada con m\u00e1s de 50 a\u00f1os de experiencia.","breadcrumb":{"@id":"https:\/\/torcuatolopez.com\/sobrenosotros\/#breadcrumb"},"inLanguage":"en-GB","potentialAction":[{"@type":"ReadAction","target":["https:\/\/torcuatolopez.com\/sobrenosotros\/"]}]},{"@type":"ImageObject","inLanguage":"en-GB","@id":"https:\/\/torcuatolopez.com\/sobrenosotros\/#primaryimage","url":"https:\/\/torcuatolopez.com\/wp-content\/uploads\/2024\/04\/ab.png","contentUrl":"https:\/\/torcuatolopez.com\/wp-content\/uploads\/2024\/04\/ab.png"},{"@type":"BreadcrumbList","@id":"https:\/\/torcuatolopez.com\/sobrenosotros\/#breadcrumb","itemListElement":[{"@type":"ListItem","position":1,"name":"Portada","item":"https:\/\/torcuatolopez.com\/"},{"@type":"ListItem","position":2,"name":"Sobre Nosotros"}]},{"@type":"WebSite","@id":"https:\/\/torcuatolopez.com\/#website","url":"https:\/\/torcuatolopez.com\/","name":"Torcuato Lopez","description":"","publisher":{"@id":"https:\/\/torcuatolopez.com\/#organization"},"potentialAction":[{"@type":"SearchAction","target":{"@type":"EntryPoint","urlTemplate":"https:\/\/torcuatolopez.com\/?s={search_term_string}"},"query-input":{"@type":"PropertyValueSpecification","valueRequired":true,"valueName":"search_term_string"}}],"inLanguage":"en-GB"},{"@type":"Organization","@id":"https:\/\/torcuatolopez.com\/#organization","name":"Torcuato Lopez","url":"https:\/\/torcuatolopez.com\/","logo":{"@type":"ImageObject","inLanguage":"en-GB","@id":"https:\/\/torcuatolopez.com\/#\/schema\/logo\/image\/","url":"https:\/\/torcuatolopez.com\/wp-content\/uploads\/2023\/05\/logo02.jpg","contentUrl":"https:\/\/torcuatolopez.com\/wp-content\/uploads\/2023\/05\/logo02.jpg","width":250,"height":118,"caption":"Torcuato Lopez"},"image":{"@id":"https:\/\/torcuatolopez.com\/#\/schema\/logo\/image\/"}}]}},"_links":{"self":[{"href":"https:\/\/torcuatolopez.com\/en\/wp-json\/wp\/v2\/pages\/21","targetHints":{"allow":["GET"]}}],"collection":[{"href":"https:\/\/torcuatolopez.com\/en\/wp-json\/wp\/v2\/pages"}],"about":[{"href":"https:\/\/torcuatolopez.com\/en\/wp-json\/wp\/v2\/types\/page"}],"author":[{"embeddable":true,"href":"https:\/\/torcuatolopez.com\/en\/wp-json\/wp\/v2\/users\/1"}],"replies":[{"embeddable":true,"href":"https:\/\/torcuatolopez.com\/en\/wp-json\/wp\/v2\/comments?post=21"}],"version-history":[{"count":17,"href":"https:\/\/torcuatolopez.com\/en\/wp-json\/wp\/v2\/pages\/21\/revisions"}],"predecessor-version":[{"id":1285,"href":"https:\/\/torcuatolopez.com\/en\/wp-json\/wp\/v2\/pages\/21\/revisions\/1285"}],"wp:attachment":[{"href":"https:\/\/torcuatolopez.com\/en\/wp-json\/wp\/v2\/media?parent=21"}],"curies":[{"name":"wp","href":"https:\/\/api.w.org\/{rel}","templated":true}]}}